{"id":375,"date":"2025-03-14T19:07:43","date_gmt":"2025-03-14T19:07:43","guid":{"rendered":"https:\/\/documentali.net\/contacto\/"},"modified":"2026-02-27T10:18:23","modified_gmt":"2026-02-27T10:18:23","slug":"contacto","status":"publish","type":"page","link":"https:\/\/documentali.net\/en\/contacto\/","title":{"rendered":"Contacto"},"content":{"rendered":"<section class=\"contacto_form_5_1 background-1-light\" data-block-id=\"69d346252a14369d346252a144\" data-block-name=\"acf\/contacto-form-5-1\" data-post-id=\"375\" data-stable-id=\"block_37a1b7fb70bb8c5c6a7a768816970e5e\">\r\n    <div class=\"container\">\r\n        <div class=\"row\">\r\n            <div class=\"col col-col-top\">\r\n                                <h2 class=\"tamano3 color-1-headings-dark\">Contacta conmigo<\/h2>\r\n                \r\n            <\/div>\r\n            <div class=\"col col-form\">\r\n                <div class=\"formulario\">\r\n                                        \n<div class=\"wpcf7 no-js\" id=\"wpcf7-f798-o1\" lang=\"en-US\" dir=\"ltr\" data-wpcf7-id=\"798\">\n<div class=\"screen-reader-response\"><p role=\"status\" aria-live=\"polite\" aria-atomic=\"true\"><\/p> <ul><\/ul><\/div>\n<form action=\"\/en\/wp-json\/wp\/v2\/pages\/375#wpcf7-f798-o1\" method=\"post\" class=\"wpcf7-form init\" aria-label=\"Contact form\" novalidate=\"novalidate\" data-status=\"init\">\n<fieldset class=\"hidden-fields-container\"><input type=\"hidden\" name=\"_wpcf7\" value=\"798\" \/><input type=\"hidden\" name=\"_wpcf7_version\" value=\"6.1.5\" \/><input type=\"hidden\" name=\"_wpcf7_locale\" value=\"en_US\" \/><input type=\"hidden\" name=\"_wpcf7_unit_tag\" value=\"wpcf7-f798-o1\" \/><input type=\"hidden\" name=\"_wpcf7_container_post\" value=\"0\" \/><input type=\"hidden\" name=\"_wpcf7_posted_data_hash\" value=\"\" \/>\n<\/fieldset>\n<div class=\"flexout\">\n\t<div class=\"leftform\">\n\t\t<div class=\"formflex w50\">\n\t\t\t<p><label>Nombre*<span class=\"wpcf7-form-control-wrap\" data-name=\"nombre\"><input size=\"40\" maxlength=\"400\" class=\"wpcf7-form-control wpcf7-text wpcf7-validates-as-required\" aria-required=\"true\" aria-invalid=\"false\" placeholder=\"Nombre*\" value=\"\" type=\"text\" name=\"nombre\" \/><\/span><\/label><label>Apellidos<span class=\"wpcf7-form-control-wrap\" data-name=\"apellido\"><input size=\"40\" maxlength=\"400\" class=\"wpcf7-form-control wpcf7-text\" aria-invalid=\"false\" placeholder=\"Apellidos\" value=\"\" type=\"text\" name=\"apellido\" \/><\/span><\/label>\n\t\t\t<\/p>\n\t\t<\/div>\n\t\t<div class=\"formflex w100\">\n\t\t\t<p><label>Email*<span class=\"wpcf7-form-control-wrap\" data-name=\"email\"><input size=\"40\" maxlength=\"400\" class=\"wpcf7-form-control wpcf7-email wpcf7-validates-as-required wpcf7-text wpcf7-validates-as-email\" aria-required=\"true\" aria-invalid=\"false\" placeholder=\"Email*\" value=\"\" type=\"email\" name=\"email\" \/><\/span><\/label>\n\t\t\t<\/p>\n\t\t<\/div>\n\t\t<div class=\"formflex w100\">\n\t\t\t<p><label>Asunto*<span class=\"wpcf7-form-control-wrap\" data-name=\"asunto\"><input size=\"40\" maxlength=\"400\" class=\"wpcf7-form-control wpcf7-text wpcf7-validates-as-required\" aria-required=\"true\" aria-invalid=\"false\" placeholder=\"Asunto*\" value=\"\" type=\"text\" name=\"asunto\" \/><\/span><\/label>\n\t\t\t<\/p>\n\t\t<\/div>\n\t<\/div>\n\t<div class=\"rightform\">\n\t\t<div class=\"formflex w100\">\n\t\t\t<p><label>Mensaje*<span class=\"wpcf7-form-control-wrap\" data-name=\"mensaje\"><textarea cols=\"40\" rows=\"10\" maxlength=\"2000\" class=\"wpcf7-form-control wpcf7-textarea wpcf7-validates-as-required\" aria-required=\"true\" aria-invalid=\"false\" placeholder=\"D\u00e9janos tu mensaje\" name=\"mensaje\"><\/textarea><\/span><\/label>\n\t\t\t<\/p>\n\t\t<\/div>\n\t\t<div class=\"aceptacion\">\n\t\t\t<p><span class=\"wpcf7-form-control-wrap\" data-name=\"privacidad\"><span class=\"wpcf7-form-control wpcf7-acceptance\"><span class=\"wpcf7-list-item\"><label><input type=\"checkbox\" name=\"privacidad\" value=\"1\" aria-invalid=\"false\" \/><span class=\"wpcf7-list-item-label\">He le\u00eddo y acepto los t\u00e9rminos legales<\/span><\/label><\/span><\/span><\/span><br \/>\n<span class=\"wpcf7-form-control-wrap\" data-name=\"publicidad\"><span class=\"wpcf7-form-control wpcf7-acceptance optional\"><span class=\"wpcf7-list-item\"><label><input type=\"checkbox\" name=\"publicidad\" value=\"1\" aria-invalid=\"false\" \/><span class=\"wpcf7-list-item-label\">Acepto recibir comunicaciones y novedades<\/span><\/label><\/span><\/span><\/span>\n\t\t\t<\/p>\n\t\t<\/div>\n\t\t<p><div class=\"capjs-container wpcf7-form-control-wrap\" data-name=\"cap-token\">\r\n                <cap-widget id=\"cap-widget\" data-cap-api-endpoint=\"https:\/\/documentali.net\/wp-json\/cap\/v1\/\"><\/cap-widget>\r\n            <\/div><input class=\"wpcf7-form-control wpcf7-submit has-spinner\" type=\"submit\" value=\"Enviar\" \/>\n\t\t<\/p>\n\t<\/div>\n<\/div><div class=\"wpcf7-response-output\" aria-hidden=\"true\"><\/div>\n<\/form>\n<\/div>\n                                    <\/div>\r\n                <div class=\"flotante\">\r\n                    <div class=\"dato\">\r\n                        <div class=\"titulo-telefono color-1-headings-dark tamano-7-mediumcta\">\r\n                            Phone                        <\/div>\r\n                        <a class=\"boton-4-texto-hover boton-4-texto-normal tamano-7-mediumcta\"\r\n                            href=\"tel:634584959\">634584959<\/a>\r\n                    <\/div>\r\n                    <div class=\"email\">\r\n                        <div class=\"titulo-telefono color-1-headings-dark tamano-7-mediumcta\">\r\n                            Email                        <\/div>\r\n                        <a class=\"boton-4-texto-hover boton-4-texto-normal tamano-7-mediumcta\"\r\n                            href=\"mailto:minto.chan@gmail.com\">minto.chan@gmail.com<\/a>\r\n                    <\/div>\r\n                    <div class=\"redes\">\r\n                                                <div class=\"titulo-telefono color-1-headings-dark tamano-7-mediumcta\">\r\n                            Our social media                        <\/div>\r\n                        <div class=\"redescont\">\r\n                                                                                                                                                <a class=\"color-boton-1-hover color-boton-1-normal color-boton-1-texto-normal\"\r\n                                    href=\"mailto:minto.chan@gmail.com\" target=\"_blank\">\r\n                                                                                                                    <svg fill=\"currentColor\"  xmlns=\"http:\/\/www.w3.org\/2000\/svg\" viewBox=\"0 0 512 512\"><!--! Font Awesome Pro 6.7.2 by @fontawesome - https:\/\/fontawesome.com License - https:\/\/fontawesome.com\/license (Commercial License) Copyright 2024 Fonticons, Inc. --><path d=\"M64 112c-8.8 0-16 7.2-16 16l0 22.1L220.5 291.7c20.7 17 50.4 17 71.1 0L464 150.1l0-22.1c0-8.8-7.2-16-16-16L64 112zM48 212.2L48 384c0 8.8 7.2 16 16 16l384 0c8.8 0 16-7.2 16-16l0-171.8L322 328.8c-38.4 31.5-93.7 31.5-132 0L48 212.2zM0 128C0 92.7 28.7 64 64 64l384 0c35.3 0 64 28.7 64 64l0 256c0 35.3-28.7 64-64 64L64 448c-35.3 0-64-28.7-64-64L0 128z\"\/><\/svg>                                                                                                            <\/a>\r\n                                                                                <\/div>\r\n                                            <\/div>\r\n                <\/div>\r\n            <\/div>\r\n        <\/div>\r\n    <\/div>\r\n<\/section>\r\n<style>\r\n    .contacto_form_5_1 label .wpcf7-form-control-wrap {\r\n        display: block;\r\n        padding-top: 5px;\r\n    }\r\n\r\n    .contacto_form_5_1 label {\r\n        color: var(--color-1-headings-dark);\r\n        font-size: var(--tamano-7-mediumcta-font-size);\r\n        font-weight: var(--tamano-7-mediumcta-font-weight);\r\n        line-height: var(--tamano-7-mediumcta-line-height);\r\n        letter-spacing: var(--tamano-7-mediumcta-letter-spacing);\r\n        font-family: var(--tamano-7-mediumcta-font-family);\r\n    }\r\n\r\n    .contacto_form_5_1 .flotante .redescont {\r\n        display: flex;\r\n        gap: 20px;\r\n        flex-wrap: wrap;\r\n        align-items: center;\r\n    }\r\n\r\n    .contacto_form_5_1 .flotante .redescont a {\r\n        width: 35px;\r\n        height: 35px;\r\n        border-radius: 50%;\r\n        display: flex;\r\n        align-items: center;\r\n        justify-content: center;\r\n    }\r\n\r\n    .contacto_form_5_1 .flotante .redescont a:hover svg path {\r\n        fill: var(--color-boton-2-texto-hover);\r\n    }\r\n\r\n    .contacto_form_5_1 .flotante .redescont a svg path {\r\n        transition: all ease .3s;\r\n    }\r\n\r\n    .contacto_form_5_1 .flotante .redescont a svg {\r\n        height: 20px;\r\n    }\r\n\r\n    .contacto_form_5_1 .flotante a {\r\n        text-decoration: none;\r\n    }\r\n\r\n    .contacto_form_5_1 .formflex textarea {\r\n        max-height: 125px;\r\n    }\r\n\r\n    .contacto_form_5_1 .formflex label {\r\n        margin-bottom: 25px;\r\n        display: block;\r\n    }\r\n\r\n    .contacto_form_5_1 .formflex textarea {\r\n        max-height: fit-content;\r\n        height: 260px;\r\n    }\r\n\r\n    .contacto_form_5_1 .formflex textarea,\r\n    .contacto_form_5_1 .formflex input {\r\n        padding: 15px 25px;\r\n        border: 1.5px solid var(--boton-4-texto-normal);\r\n        outline: none;\r\n        font-size: var(--tamano7-font-size);\r\n        font-weight: var(--tamano7-font-weight);\r\n        line-height: var(--tamano7-line-height);\r\n        letter-spacing: var(--tamano7-letter-spacing);\r\n        font-family: var(--tamano7-font-family);\r\n        background: transparent;\r\n        color: var(--boton-4-texto-normal);\r\n        border-radius: 3px;\r\n        width: 100%;\r\n    }\r\n\r\n    .contacto_form_5_1 .formflex.w50 p label {\r\n        width: calc(50% - 15px);\r\n    }\r\n\r\n    .contacto_form_5_1 .formflex.w50 p {\r\n        display: flex;\r\n        gap: 30px;\r\n    }\r\n\r\n    .contacto_form_5_1 .wpcf7-submit:hover {\r\n        background-color: var(--color-boton-1-hover);\r\n        color: var(--color-boton-1-texto-hover);\r\n    }\r\n\r\n    .contacto_form_5_1 .wpcf7-list-item label {\r\n        display: flex;\r\n        align-items: baseline;\r\n        gap: 10px;\r\n    }\r\n\r\n    .contacto_form_5_1 .aceptacion input {\r\n        cursor: pointer;\r\n        background-color: transparent;\r\n        border-radius: 3px;\r\n        position: relative;\r\n        width: 15px;\r\n        height: 15px;\r\n        appearance: none;\r\n        border: 1.5px solid var(--boton-4-texto-normal);\r\n    }\r\n\r\n    .contacto_form_5_1 .wpcf7-list-item :checked {\r\n        background-image: url(\"data:image\/svg+xml,%3csvg viewBox='0 0 16 16' fill='black' xmlns='http:\/\/www.w3.org\/2000\/svg'%3e%3cpath d='M12.207 4.793a1 1 0 010 1.414l-5 5a1 1 0 01-1.414 0l-2-2a1 1 0 011.414-1.414L6.5 9.086l4.293-4.293a1 1 0 011.414 0z'\/%3e%3c\/svg%3e\");\r\n    }\r\n\r\n    .contacto_form_5_1 textarea::placeholder,\r\n    .contacto_form_5_1 input::placeholder {\r\n        color: inherit;\r\n        font-size: inherit;\r\n        font-weight: inherit;\r\n        line-height: inherit;\r\n        letter-spacing: inherit;\r\n        font-family: inherit;\r\n    }\r\n\r\n    .contacto_form_5_1 .wpcf7-list-item {\r\n        margin: 0;\r\n    }\r\n\r\n    .contacto_form_5_1 .wpcf7-submit {\r\n        background: var(--color-boton-1-normal);\r\n        transition: all ease .3s;\r\n        border: none;\r\n        border-radius: 60px;\r\n        color: var(--color-boton-1-texto-normal);\r\n        height: 51px;\r\n        display: flex;\r\n        margin-top: 25px;\r\n        align-items: center;\r\n        justify-content: center;\r\n        width: 210px;\r\n        font-size: var(--tamano6-boldcta-font-size);\r\n        font-weight: var(--tamano6-boldcta-font-weight);\r\n        line-height: var(--tamano6-boldcta-line-height);\r\n        letter-spacing: var(--tamano6-boldcta-letter-spacing);\r\n        font-family: var(--tamano6-boldcta-font-family);\r\n    }\r\n\r\n    .contacto_form_5_1 .flotante .redescont {\r\n        padding-top: 15px;\r\n    }\r\n\r\n    .contacto_form_5_1 .flotante {\r\n        display: flex;\r\n        flex-direction: column;\r\n        gap: 35px;\r\n    }\r\n\r\n    .contacto_form_5_1 h2 {\r\n        padding-bottom: 50px;\r\n        max-width: 1200px;\r\n    }\r\n\r\n    .contacto_form_5_1 .col-form .formulario .flexout .rightform {\r\n        width: 55%;\r\n    }\r\n\r\n    .contacto_form_5_1 .col-form .formulario .flexout .leftform {\r\n        width: 45%;\r\n    }\r\n\r\n    .contacto_form_5_1 .col-form .formulario .flexout {\r\n        display: flex;\r\n        gap: 30px;\r\n    }\r\n\r\n    .contacto_form_5_1 .col-form .formulario {\r\n        max-width: 1350px;\r\n    }\r\n\r\n    .contacto_form_5_1 .col-form {\r\n        display: flex;\r\n        gap: 30px;\r\n        justify-content: space-between;\r\n    }\r\n\r\n    .contacto_form_5_1 {\r\n        padding: 80px 0;\r\n        position: relative;\r\n    }\r\n\r\n    .contacto_form_5_1 .wpcf7 form .wpcf7-response-output {\r\n        color: var(--color-1-headings-dark);\r\n    }\r\n\r\n    .contacto_form_5_1 .wpcf7 form .wpcf7-response-output,\r\n    .contacto_form_5_1 .wpcf7-not-valid-tip {\r\n        font-size: var(--tamano8-font-size);\r\n        font-weight: var(--tamano8-font-weight);\r\n        line-height: var(--tamano8-line-height);\r\n        letter-spacing: var(--tamano8-letter-spacing);\r\n        font-family: var(--tamano8-font-family);\r\n    }\r\n\r\n    .contacto_form_5_1 .col-form .formulario .flexout .rightform .aceptacion p {\r\n        display: flex;\r\n        flex-direction: column;\r\n    }\r\n\r\n    @media(max-width:1200px) {\r\n        .contacto_form_5_1 label {\r\n            font-size: var(--tamano-7-mediumcta-font-size-tablet);\r\n        }\r\n\r\n        .contacto_form_5_1 .wpcf7 form .wpcf7-response-output,\r\n        .contacto_form_5_1 .wpcf7-not-valid-tip,\r\n        .contacto_form_5_1 .aceptacion .wpcf7-list-item-label {\r\n            font-size: var(--tamano8-font-size-tablet);\r\n        }\r\n\r\n        .contacto_form_5_1 .formflex textarea,\r\n        .contacto_form_5_1 .formflex input {\r\n            font-size: var(--tamano7-font-size-tablet);\r\n        }\r\n\r\n        .contacto_form_5_1 .col-form {\r\n            flex-direction: column;\r\n        }\r\n    }\r\n\r\n    @media(max-width:992px) {\r\n        .contacto_form_5_1 .col-form .formulario .flexout {\r\n            flex-direction: column;\r\n            gap: 0;\r\n        }\r\n\r\n        .contacto_form_5_1 .col-form .formulario .flexout .rightform,\r\n        .contacto_form_5_1 .col-form .formulario .flexout .leftform {\r\n            width: 100%;\r\n        }\r\n\r\n        .contacto_form_5_1 {\r\n            padding: 40px 0;\r\n        }\r\n    }\r\n\r\n    @media (max-width:768px) {\r\n        .contacto_form_5_1 h2 {\r\n            padding-bottom: 44px;\r\n            line-height: 28.8px;\r\n        }\r\n\r\n        .contacto_form_5_1 .col-form {\r\n            gap: 10px;\r\n        }\r\n\r\n        .contacto_form_5_1 .formflex.w50 p {\r\n            flex-direction: column;\r\n            gap: 0;\r\n        }\r\n\r\n        .contacto_form_5_1 .formflex.w50 p label,\r\n        .contacto_form_5_1 .formflex.w100 p label {\r\n            width: 100%;\r\n            font-size: calc(var(--tamano7-font-size-mobile) - 4px);\r\n            margin-bottom: 18px;\r\n        }\r\n\r\n        .contacto_form_5_1 .formflex textarea,\r\n        .contacto_form_5_1 .formflex input {\r\n            font-size: calc(var(--tamano7-font-size-mobile) - 4px);\r\n        }\r\n\r\n        .contacto_form_5_1 .wpcf7 form .wpcf7-response-output,\r\n        .contacto_form_5_1 .wpcf7-not-valid-tip,\r\n        .contacto_form_5_1 .aceptacion .wpcf7-list-item-label {\r\n            font-size: var(--tamano8-font-size-mobile);\r\n            margin-top: 5px;\r\n        }\r\n\r\n        .contacto_form_5_1 .formflex textarea {\r\n            max-height: 125px;\r\n        }\r\n\r\n        .contacto_form_5_1 .aceptacion br {\r\n            display: none;\r\n        }\r\n\r\n        .contacto_form_5_1 label {\r\n            font-size: var(--tamano-7-mediumcta-font-size-mobile);\r\n        }\r\n\r\n        .contacto_form_5_1 .wpcf7-submit {\r\n            font-size: calc(var(--tamano7-font-size-mobile) - 2px);\r\n            max-width: 131px;\r\n            margin: 25px auto 0;\r\n        }\r\n\r\n        .contacto_form_5_1 .flotante {\r\n            gap: 19px;\r\n        }\r\n    }\r\n<\/style>\r\n","protected":false},"excerpt":{"rendered":"","protected":false},"author":2,"featured_media":0,"parent":0,"menu_order":0,"comment_status":"open","ping_status":"closed","template":"","meta":{"_acf_changed":false,"iawp_total_views":0,"footnotes":""},"class_list":["post-375","page","type-page","status-publish","hentry"],"acf":[],"yoast_head":"<!-- This site is optimized with the Yoast SEO plugin v27.3 - https:\/\/yoast.com\/product\/yoast-seo-wordpress\/ -->\n<title>Documentali - Restauraci\u00f3n de Bienes Culturales<\/title>\n<meta name=\"description\" content=\"Preserva la historia con Documentali. Descubre nuestra experiencia en restauraci\u00f3n de arte y cultura. Contacta con nosotros para m\u00e1s informaci\u00f3n.\" \/>\n<meta name=\"robots\" content=\"index, follow, max-snippet:-1, max-image-preview:large, max-video-preview:-1\" \/>\n<link rel=\"canonical\" href=\"https:\/\/documentali.net\/en\/contacto\/\" \/>\n<meta property=\"og:locale\" content=\"en_US\" \/>\n<meta property=\"og:type\" content=\"article\" \/>\n<meta property=\"og:title\" content=\"Documentali - Restauraci\u00f3n de Bienes Culturales\" \/>\n<meta property=\"og:description\" content=\"Preserva la historia con Documentali. Descubre nuestra experiencia en restauraci\u00f3n de arte y cultura. Contacta con nosotros para m\u00e1s informaci\u00f3n.\" \/>\n<meta property=\"og:url\" content=\"https:\/\/documentali.net\/en\/contacto\/\" \/>\n<meta property=\"og:site_name\" content=\"Documentali\" \/>\n<meta property=\"article:modified_time\" content=\"2026-02-27T10:18:23+00:00\" \/>\n<meta name=\"twitter:card\" content=\"summary_large_image\" \/>\n<!-- \/ Yoast SEO plugin. -->","yoast_head_json":{"title":"Documentali - Restauraci\u00f3n de Bienes Culturales","description":"Preserva la historia con Documentali. Descubre nuestra experiencia en restauraci\u00f3n de arte y cultura. Contacta con nosotros para m\u00e1s informaci\u00f3n.","robots":{"index":"index","follow":"follow","max-snippet":"max-snippet:-1","max-image-preview":"max-image-preview:large","max-video-preview":"max-video-preview:-1"},"canonical":"https:\/\/documentali.net\/en\/contacto\/","og_locale":"en_US","og_type":"article","og_title":"Documentali - Restauraci\u00f3n de Bienes Culturales","og_description":"Preserva la historia con Documentali. Descubre nuestra experiencia en restauraci\u00f3n de arte y cultura. Contacta con nosotros para m\u00e1s informaci\u00f3n.","og_url":"https:\/\/documentali.net\/en\/contacto\/","og_site_name":"Documentali","article_modified_time":"2026-02-27T10:18:23+00:00","twitter_card":"summary_large_image","schema":{"@context":"https:\/\/schema.org","@graph":[{"@type":"WebPage","@id":"https:\/\/documentali.net\/en\/contacto\/","url":"https:\/\/documentali.net\/en\/contacto\/","name":"Documentali - Restauraci\u00f3n de Bienes Culturales","isPartOf":{"@id":"https:\/\/documentali.net\/en\/#website"},"datePublished":"2025-03-14T19:07:43+00:00","dateModified":"2026-02-27T10:18:23+00:00","description":"Preserva la historia con Documentali. Descubre nuestra experiencia en restauraci\u00f3n de arte y cultura. Contacta con nosotros para m\u00e1s informaci\u00f3n.","breadcrumb":{"@id":"https:\/\/documentali.net\/en\/contacto\/#breadcrumb"},"inLanguage":"en-US","potentialAction":[{"@type":"ReadAction","target":["https:\/\/documentali.net\/en\/contacto\/"]}]},{"@type":"BreadcrumbList","@id":"https:\/\/documentali.net\/en\/contacto\/#breadcrumb","itemListElement":[{"@type":"ListItem","position":1,"name":"Portada","item":"https:\/\/documentali.net\/en\/"},{"@type":"ListItem","position":2,"name":"Contacto"}]},{"@type":"WebSite","@id":"https:\/\/documentali.net\/en\/#website","url":"https:\/\/documentali.net\/en\/","name":"Documentali","description":"","publisher":{"@id":"https:\/\/documentali.net\/en\/#organization"},"potentialAction":[{"@type":"SearchAction","target":{"@type":"EntryPoint","urlTemplate":"https:\/\/documentali.net\/en\/?s={search_term_string}"},"query-input":{"@type":"PropertyValueSpecification","valueRequired":true,"valueName":"search_term_string"}}],"inLanguage":"en-US"},{"@type":"Organization","@id":"https:\/\/documentali.net\/en\/#organization","name":"Documentali","url":"https:\/\/documentali.net\/en\/","logo":{"@type":"ImageObject","inLanguage":"en-US","@id":"https:\/\/documentali.net\/en\/#\/schema\/logo\/image\/","url":"https:\/\/documentali.net\/wp-content\/uploads\/2025\/03\/67d2e5e52cb39_Copy-of-A.png","contentUrl":"https:\/\/documentali.net\/wp-content\/uploads\/2025\/03\/67d2e5e52cb39_Copy-of-A.png","width":1063,"height":1063,"caption":"Documentali"},"image":{"@id":"https:\/\/documentali.net\/en\/#\/schema\/logo\/image\/"}}]}},"_links":{"self":[{"href":"https:\/\/documentali.net\/en\/wp-json\/wp\/v2\/pages\/375","targetHints":{"allow":["GET"]}}],"collection":[{"href":"https:\/\/documentali.net\/en\/wp-json\/wp\/v2\/pages"}],"about":[{"href":"https:\/\/documentali.net\/en\/wp-json\/wp\/v2\/types\/page"}],"author":[{"embeddable":true,"href":"https:\/\/documentali.net\/en\/wp-json\/wp\/v2\/users\/2"}],"replies":[{"embeddable":true,"href":"https:\/\/documentali.net\/en\/wp-json\/wp\/v2\/comments?post=375"}],"version-history":[{"count":2,"href":"https:\/\/documentali.net\/en\/wp-json\/wp\/v2\/pages\/375\/revisions"}],"predecessor-version":[{"id":799,"href":"https:\/\/documentali.net\/en\/wp-json\/wp\/v2\/pages\/375\/revisions\/799"}],"wp:attachment":[{"href":"https:\/\/documentali.net\/en\/wp-json\/wp\/v2\/media?parent=375"}],"curies":[{"name":"wp","href":"https:\/\/api.w.org\/{rel}","templated":true}]}}